{"id":8,"date":"2014-11-05T20:19:11","date_gmt":"2014-11-05T20:19:11","guid":{"rendered":"http:\/\/feuerwehr-ehrenbreitstein.de\/?page_id=8"},"modified":"2021-03-06T07:30:39","modified_gmt":"2021-03-06T07:30:39","slug":"ueber-uns","status":"publish","type":"page","link":"http:\/\/feuerwehr-ehrenbreitstein.de\/?page_id=8","title":{"rendered":"\u00dcber uns"},"content":{"rendered":"<p>Neben der Berufsfeuerwehr gibt es in Koblenz 10 Freiwillige Feuerwehr Einheiten.<\/p>\n<p>Eine davon sind wir, die Einheit 23, Ehrenbreitstein.<\/p>\n<p>Die Einheiten der Freiwilligen Feuerwehr sind in Koblenz ein unverzichtbarer Bestandteil einer zeitgem\u00e4\u00dfen Gefahrenabwehr. Sie unterst\u00fctzen die Berufsfeuerwehr bei deren Aufgaben. In diesem Rahmen werden die Freiwilligen Feuerwehren vor allem zur Bek\u00e4mpfung von Schadensfeuern und f\u00fcr Aufgaben in der Technischen Hilfeleistung sowie im Hochwassereinsatz und im Gefahrstoffbereich eingesetzt.<\/p>\n<p>Die Freiwilligen Feuerwehren in Koblenz stellen den zweiten L\u00f6schzug und werden bei bedarf ganzt\u00e4gig von der Integrierten Leitstelle Koblenz zu Eins\u00e4tzen im ganzen Stadtgebiet alarmiert. Des Weiteren besteht alle 6 Wochen eine 7-Tage-Bereitschaft zur Nachbesetzung der BF-Wache bei gr\u00f6\u00dferen Eins\u00e4tzen.<\/p>\n\n\n<p><\/p>\n","protected":false},"excerpt":{"rendered":"<p>Neben der Berufsfeuerwehr gibt es in Koblenz 10 Freiwillige Feuerwehr Einheiten. Eine davon sind wir, die Einheit 23, Ehrenbreitstein. Die Einheiten der Freiwilligen Feuerwehr sind in Koblenz ein unverzichtbarer Bestandteil einer zeitgem\u00e4\u00dfen Gefahrenabwehr. Sie unterst\u00fctzen die Berufsfeuerwehr bei deren Aufgaben. In diesem Rahmen werden die Freiwilligen Feuerwehren vor allem zur Bek\u00e4mpfung von Schadensfeuern und f\u00fcr [&hellip;]<\/p>\n","protected":false},"author":1,"featured_media":0,"parent":0,"menu_order":1,"comment_status":"closed","ping_status":"closed","template":"","meta":{"spay_email":""},"jetpack_sharing_enabled":true,"jetpack_shortlink":"https:\/\/wp.me\/P5j8kt-8","jetpack_likes_enabled":true,"_links":{"self":[{"href":"http:\/\/feuerwehr-ehrenbreitstein.de\/index.php?rest_route=\/wp\/v2\/pages\/8"}],"collection":[{"href":"http:\/\/feuerwehr-ehrenbreitstein.de\/index.php?rest_route=\/wp\/v2\/pages"}],"about":[{"href":"http:\/\/feuerwehr-ehrenbreitstein.de\/index.php?rest_route=\/wp\/v2\/types\/page"}],"author":[{"embeddable":true,"href":"http:\/\/feuerwehr-ehrenbreitstein.de\/index.php?rest_route=\/wp\/v2\/users\/1"}],"replies":[{"embeddable":true,"href":"http:\/\/feuerwehr-ehrenbreitstein.de\/index.php?rest_route=%2Fwp%2Fv2%2Fcomments&post=8"}],"version-history":[{"count":4,"href":"http:\/\/feuerwehr-ehrenbreitstein.de\/index.php?rest_route=\/wp\/v2\/pages\/8\/revisions"}],"predecessor-version":[{"id":754,"href":"http:\/\/feuerwehr-ehrenbreitstein.de\/index.php?rest_route=\/wp\/v2\/pages\/8\/revisions\/754"}],"wp:attachment":[{"href":"http:\/\/feuerwehr-ehrenbreitstein.de\/index.php?rest_route=%2Fwp%2Fv2%2Fmedia&parent=8"}],"curies":[{"name":"wp","href":"https:\/\/api.w.org\/{rel}","templated":true}]}}