{"id":517,"date":"2018-10-10T15:36:22","date_gmt":"2018-10-10T15:36:22","guid":{"rendered":"http:\/\/feuerwehr-ehrenbreitstein.de\/?page_id=517"},"modified":"2018-10-10T15:36:22","modified_gmt":"2018-10-10T15:36:22","slug":"notruf","status":"publish","type":"page","link":"http:\/\/feuerwehr-ehrenbreitstein.de\/?page_id=517","title":{"rendered":"Notruf"},"content":{"rendered":"<p><strong>Den Notruf richtig absetzen<\/strong><\/p>\n<p>Seit dem 21.02.2011 gelangen Sie im\u00a0 Bereich der Stadt Koblenz mit der Notrufnummer\u00a0<img loading=\"lazy\" src=\"http:\/\/lzspay.bplaced.net\/HP\/images\/burgerinfo\/notruf.gif\" alt=\"\" width=\"42\" height=\"13\" border=\"0\" \/>\u00a0zur Integrierten Leitstelle (ILtS) Koblenz. Die ILtS \u00fcbernimmt die Aufgaben des Rettungsdienstes f\u00fcr<\/p>\n<ul>\n<li>die Stadt Koblenz<\/li>\n<li>den Landkreis Mayen-Koblenz<\/li>\n<li>den Landkreis Ahrweiler<\/li>\n<li>den Landkreis Cochem-Zell<\/li>\n<\/ul>\n<p>sowie die Erstalarmierung der Berufsfeuerwehr Koblenz, die Freiwilligen Feuerwehren und Katastrophenschutzeinheiten der jeweiligen Landkreise<\/p>\n<p>Beim Anruf sollten Sie unbedingt an folgende Punkte (sog. &#8220;5 W\u00b4s) denken:<\/p>\n<ul>\n<li>Was ist passiert?<\/li>\n<li>Wo ist es passiert?<\/li>\n<li>Wie viele Personen sind betroffen?<\/li>\n<li>Wer meldet den Notfall?<\/li>\n<li>Warten Sie auf R\u00fcckfragen des Disponenten<\/li>\n<\/ul>\n<p><strong>ACHTUNG! Beenden Sie erst das Gespr\u00e4ch, wenn Sie hierzu aufgefordert werden!!!<\/strong><\/p>\n<p>Bitte verbleiben Sie nach dem Notruf an der Einsatzstelle, damit Sie die anr\u00fcckenden Einsatzkr\u00e4fte einweisen k\u00f6nnen!<\/p>\n","protected":false},"excerpt":{"rendered":"<p>Den Notruf richtig absetzen Seit dem 21.02.2011 gelangen Sie im\u00a0 Bereich der Stadt Koblenz mit der Notrufnummer\u00a0\u00a0zur Integrierten Leitstelle (ILtS) Koblenz. Die ILtS \u00fcbernimmt die Aufgaben des Rettungsdienstes f\u00fcr die Stadt Koblenz den Landkreis Mayen-Koblenz den Landkreis Ahrweiler den Landkreis Cochem-Zell sowie die Erstalarmierung der Berufsfeuerwehr Koblenz, die Freiwilligen Feuerwehren und Katastrophenschutzeinheiten der jeweiligen Landkreise [&hellip;]<\/p>\n","protected":false},"author":1,"featured_media":0,"parent":510,"menu_order":0,"comment_status":"closed","ping_status":"closed","template":"","meta":{"spay_email":""},"jetpack_sharing_enabled":true,"jetpack_shortlink":"https:\/\/wp.me\/P5j8kt-8l","jetpack_likes_enabled":true,"_links":{"self":[{"href":"http:\/\/feuerwehr-ehrenbreitstein.de\/index.php?rest_route=\/wp\/v2\/pages\/517"}],"collection":[{"href":"http:\/\/feuerwehr-ehrenbreitstein.de\/index.php?rest_route=\/wp\/v2\/pages"}],"about":[{"href":"http:\/\/feuerwehr-ehrenbreitstein.de\/index.php?rest_route=\/wp\/v2\/types\/page"}],"author":[{"embeddable":true,"href":"http:\/\/feuerwehr-ehrenbreitstein.de\/index.php?rest_route=\/wp\/v2\/users\/1"}],"replies":[{"embeddable":true,"href":"http:\/\/feuerwehr-ehrenbreitstein.de\/index.php?rest_route=%2Fwp%2Fv2%2Fcomments&post=517"}],"version-history":[{"count":1,"href":"http:\/\/feuerwehr-ehrenbreitstein.de\/index.php?rest_route=\/wp\/v2\/pages\/517\/revisions"}],"predecessor-version":[{"id":518,"href":"http:\/\/feuerwehr-ehrenbreitstein.de\/index.php?rest_route=\/wp\/v2\/pages\/517\/revisions\/518"}],"up":[{"embeddable":true,"href":"http:\/\/feuerwehr-ehrenbreitstein.de\/index.php?rest_route=\/wp\/v2\/pages\/510"}],"wp:attachment":[{"href":"http:\/\/feuerwehr-ehrenbreitstein.de\/index.php?rest_route=%2Fwp%2Fv2%2Fmedia&parent=517"}],"curies":[{"name":"wp","href":"https:\/\/api.w.org\/{rel}","templated":true}]}}