{"id":515,"date":"2018-10-10T15:32:09","date_gmt":"2018-10-10T15:32:09","guid":{"rendered":"http:\/\/feuerwehr-ehrenbreitstein.de\/?page_id=515"},"modified":"2018-10-10T15:32:18","modified_gmt":"2018-10-10T15:32:18","slug":"rettungskarte","status":"publish","type":"page","link":"http:\/\/feuerwehr-ehrenbreitstein.de\/?page_id=515","title":{"rendered":"Rettungskarte"},"content":{"rendered":"<p>Hilfe f\u00fcr die Helfer &#8211;\u00a0<strong>Die<\/strong><strong>\u00a0Rettungskarte<\/strong><\/p>\n<p><strong>\u00a0<\/strong><\/p>\n<p>Die moderne Technik in Fahrzeugen bietet immer mehr Sicherheit f\u00fcr die Insassen. Dies erschwert jedoch die Befreiung von verunfallten Fahrzeuginsassen. Jedes Fahrzeug ist individuell aufgebaut!<\/p>\n<p>Immer wieder stellen sich f\u00fcr die Feuerwehrleute die Fragen<\/p>\n<ul>\n<li>Wo kann man die Rettungsschere ansetzen?<\/li>\n<li>Wo sind bei diesem Fahrzeug die Airbags?<\/li>\n<li>Wo sitzen die Treibgaspatronen f\u00fcr die Airbags?<\/li>\n<li>Gibt es Karosserieverst\u00e4rkungen?<\/li>\n<li>Wo befindet sich die Batterie?<\/li>\n<\/ul>\n<p>Studien belegen:\u00a0<strong>Je neuer ein Fahrzeug, desto l\u00e4nger dauert die Rettung von Personen<\/strong>. Abhilfe soll hier die vom ADAC und VDA (Verbands deutscher Automobilindustrie) entwickelte Rettungskarte schaffen.<\/p>\n<p>Diese Karte enth\u00e4lt alle, f\u00fcr die Retter, wichtigen Informationen \u00fcber g\u00fcnstige Ansatzpunkte f\u00fcr Rettungsger\u00e4te der Feuerwehr, Fahrzeugtyp, Baujahr und Karosserieverst\u00e4rkungen.<\/p>\n<p>&nbsp;<\/p>\n<p><img src=\"http:\/\/lzspay.bplaced.net\/HP\/images\/burgerinfo\/rettungskarte.jpg\" alt=\"\" \/><\/p>\n<p>Damit die Rettungskarte f\u00fcr die Einsatzkr\u00e4fte immer griffbereit ist, ist eine einheitliche Unterbringung zwingend notwendig. Hier hat man sich auf die Sonnenblende auf der Fahrerseite geeinigt.<\/p>\n<p><img src=\"http:\/\/lzspay.bplaced.net\/HP\/images\/burgerinfo\/rettungskarte1.jpg\" alt=\"\" \/><\/p>\n<p>&nbsp;<\/p>\n<p>Die pers\u00f6nliche Rettungskarte f\u00fcr Ihre Fahrzeug und weitere Informationen erhalten Sie auf <a href=\"http:\/\/www.adac.de\/rettungskarte\">www.adac.de\/rettungskarte<\/a>\u00a0oder <a href=\"http:\/\/www.rettungskarte.de\/\">www.rettungskarte.de<\/a>.<\/p>\n<p>&nbsp;<\/p>\n<p>Bildquelle: ADAC<\/p>\n","protected":false},"excerpt":{"rendered":"<p>Hilfe f\u00fcr die Helfer &#8211;\u00a0Die\u00a0Rettungskarte \u00a0 Die moderne Technik in Fahrzeugen bietet immer mehr Sicherheit f\u00fcr die Insassen. Dies erschwert jedoch die Befreiung von verunfallten Fahrzeuginsassen. Jedes Fahrzeug ist individuell aufgebaut! Immer wieder stellen sich f\u00fcr die Feuerwehrleute die Fragen Wo kann man die Rettungsschere ansetzen? Wo sind bei diesem Fahrzeug die Airbags? Wo sitzen [&hellip;]<\/p>\n","protected":false},"author":1,"featured_media":0,"parent":510,"menu_order":0,"comment_status":"closed","ping_status":"closed","template":"","meta":{"spay_email":""},"jetpack_sharing_enabled":true,"jetpack_shortlink":"https:\/\/wp.me\/P5j8kt-8j","jetpack_likes_enabled":true,"_links":{"self":[{"href":"http:\/\/feuerwehr-ehrenbreitstein.de\/index.php?rest_route=\/wp\/v2\/pages\/515"}],"collection":[{"href":"http:\/\/feuerwehr-ehrenbreitstein.de\/index.php?rest_route=\/wp\/v2\/pages"}],"about":[{"href":"http:\/\/feuerwehr-ehrenbreitstein.de\/index.php?rest_route=\/wp\/v2\/types\/page"}],"author":[{"embeddable":true,"href":"http:\/\/feuerwehr-ehrenbreitstein.de\/index.php?rest_route=\/wp\/v2\/users\/1"}],"replies":[{"embeddable":true,"href":"http:\/\/feuerwehr-ehrenbreitstein.de\/index.php?rest_route=%2Fwp%2Fv2%2Fcomments&post=515"}],"version-history":[{"count":1,"href":"http:\/\/feuerwehr-ehrenbreitstein.de\/index.php?rest_route=\/wp\/v2\/pages\/515\/revisions"}],"predecessor-version":[{"id":516,"href":"http:\/\/feuerwehr-ehrenbreitstein.de\/index.php?rest_route=\/wp\/v2\/pages\/515\/revisions\/516"}],"up":[{"embeddable":true,"href":"http:\/\/feuerwehr-ehrenbreitstein.de\/index.php?rest_route=\/wp\/v2\/pages\/510"}],"wp:attachment":[{"href":"http:\/\/feuerwehr-ehrenbreitstein.de\/index.php?rest_route=%2Fwp%2Fv2%2Fmedia&parent=515"}],"curies":[{"name":"wp","href":"https:\/\/api.w.org\/{rel}","templated":true}]}}