{"id":509,"date":"2018-10-10T15:29:01","date_gmt":"2018-10-10T15:29:01","guid":{"rendered":"http:\/\/feuerwehr-ehrenbreitstein.de\/?page_id=509"},"modified":"2018-10-10T15:31:13","modified_gmt":"2018-10-10T15:31:13","slug":"dwd-unwetterwarnungen","status":"publish","type":"page","link":"http:\/\/feuerwehr-ehrenbreitstein.de\/?page_id=509","title":{"rendered":"Rauchmelder"},"content":{"rendered":"<p><strong>Wie Rauchmelder leben retten k\u00f6nnen?<\/strong><\/p>\n<p><strong><br \/>\n<\/strong>Jeden Monat verungl\u00fccken rund 40 Menschen t\u00f6dlich durch Br\u00e4nde, die meisten davon in den eigenen vier W\u00e4nden. Die Mehrheit stirbt an einer Rauchvergiftung. Zwei Drittel aller Brandopfer werden nachts im Schlaf \u00fcberrascht. Die j\u00e4hrlichen Folgen in Deutschland: Rund 500 Brandtote, 5.000 Brandverletzte mit Langzeitsch\u00e4den und \u00fcber eine Mrd. Euro Brandsch\u00e4den im Privatbereich. In den meisten Bundesl\u00e4ndern ist daher die Installation von Rauchmeldern bereits gesetzlich vorgeschrieben. In Rheinland-Pfalz durch\u00a0<a href=\"http:\/\/landesrecht.rlp.de\/jportal\/?quelle=jlink&amp;query=BauO+RP+%C2%A7+44&amp;psml=bsrlpprod.psml\" target=\"_blank\" rel=\"noopener\">\u00a7 44 Abs. 8 Landesbauordnung (LBauO)<\/a>. Diese Regelung gilt seit dem 12.07.2012 auch f\u00fcr\u00a0<strong>bestehende<\/strong>\u00a0Wohnungen.<\/p>\n<p>Ursache f\u00fcr die etwa 200.000 Br\u00e4nde im Jahr ist aber im Gegensatz zur landl\u00e4ufigen Meinung nicht nur Fahrl\u00e4ssigkeit: Sehr oft l\u00f6sen technische Defekte Br\u00e4nde aus, die ohne vorsorgende Ma\u00dfnahmen wie Rauchmelder zur Katastrophe f\u00fchren. Vor allem nachts werden Br\u00e4nde in Privathaushalten zur t\u00f6dlichen Gefahr, wenn alle schlafen, denn im Schlaf riecht der Mensch nichts. T\u00f6dlich ist bei einem Brand in der Regel nicht das Feuer, sondern der Rauch. Bereits drei Atemz\u00fcge hochgiftigen Brandrauchs k\u00f6nnen t\u00f6dlich sein, die Opfer werden im Schlaf bewusstlos und ersticken dann.<\/p>\n<p>Da bereits das Einatmen einer Lungenf\u00fcllung mit Brandrauch t\u00f6dlich sein kann, ist ein\u00a0 Rauchmelder der beste Lebensretter in Ihrer Wohnung. Der laute Alarm des Rauchmelders warnt Sie auch im Schlaf rechtzeitig vor der Brandgefahr und gibt Ihnen den n\u00f6tigen Vorsprung, sich und Ihre Familie in Sicherheit zu bringen und die Feuerwehr zu alarmieren.<\/p>\n<p>Weitere Informationen auch unter:\u00a0<a href=\"http:\/\/www.rauchmelder-lebensretter.de\/\" target=\"_blank\" rel=\"noopener\">www.rauchmelder-lebensretter.de<\/a><\/p>\n<p><strong>Korrekte Anwendung von Rauchmelder<\/strong><\/p>\n<p>Befestigen Sie Rauchmelder&#8230;<\/p>\n<ul>\n<li>immer an der Zimmerdecke, da der Rauch nach oben steigt<\/li>\n<li>an der Decke in der Raummitte, bzw. min. 50 cm von W\u00e4nden entfernt<\/li>\n<li>immer in waagerechter Position<\/li>\n<li>nicht in der N\u00e4he von Luftsch\u00e4chten und nicht in starker Zugluft<\/li>\n<li>nicht in der Dachspitze (sondern 30 &#8211; 50 cm. darunter)<\/li>\n<li>nicht in R\u00e4umen, in denen normalerweise starker Dampf, Staub oder Rauch entsteht<\/li>\n<\/ul>\n<p><strong>Hier ein Anwendungsbeispiel f\u00fcr die Anwendung von Rauchmeldern<\/strong><\/p>\n<p><img src=\"http:\/\/lzspay.bplaced.net\/HP\/images\/burgerinfo\/rauchmelder1.gif\" alt=\"\" \/><\/p>\n","protected":false},"excerpt":{"rendered":"<p>Wie Rauchmelder leben retten k\u00f6nnen? Jeden Monat verungl\u00fccken rund 40 Menschen t\u00f6dlich durch Br\u00e4nde, die meisten davon in den eigenen vier W\u00e4nden. Die Mehrheit stirbt an einer Rauchvergiftung. Zwei Drittel aller Brandopfer werden nachts im Schlaf \u00fcberrascht. Die j\u00e4hrlichen Folgen in Deutschland: Rund 500 Brandtote, 5.000 Brandverletzte mit Langzeitsch\u00e4den und \u00fcber eine Mrd. Euro Brandsch\u00e4den [&hellip;]<\/p>\n","protected":false},"author":1,"featured_media":0,"parent":510,"menu_order":0,"comment_status":"closed","ping_status":"closed","template":"","meta":{"spay_email":""},"jetpack_sharing_enabled":true,"jetpack_shortlink":"https:\/\/wp.me\/P5j8kt-8d","jetpack_likes_enabled":true,"_links":{"self":[{"href":"http:\/\/feuerwehr-ehrenbreitstein.de\/index.php?rest_route=\/wp\/v2\/pages\/509"}],"collection":[{"href":"http:\/\/feuerwehr-ehrenbreitstein.de\/index.php?rest_route=\/wp\/v2\/pages"}],"about":[{"href":"http:\/\/feuerwehr-ehrenbreitstein.de\/index.php?rest_route=\/wp\/v2\/types\/page"}],"author":[{"embeddable":true,"href":"http:\/\/feuerwehr-ehrenbreitstein.de\/index.php?rest_route=\/wp\/v2\/users\/1"}],"replies":[{"embeddable":true,"href":"http:\/\/feuerwehr-ehrenbreitstein.de\/index.php?rest_route=%2Fwp%2Fv2%2Fcomments&post=509"}],"version-history":[{"count":2,"href":"http:\/\/feuerwehr-ehrenbreitstein.de\/index.php?rest_route=\/wp\/v2\/pages\/509\/revisions"}],"predecessor-version":[{"id":514,"href":"http:\/\/feuerwehr-ehrenbreitstein.de\/index.php?rest_route=\/wp\/v2\/pages\/509\/revisions\/514"}],"up":[{"embeddable":true,"href":"http:\/\/feuerwehr-ehrenbreitstein.de\/index.php?rest_route=\/wp\/v2\/pages\/510"}],"wp:attachment":[{"href":"http:\/\/feuerwehr-ehrenbreitstein.de\/index.php?rest_route=%2Fwp%2Fv2%2Fmedia&parent=509"}],"curies":[{"name":"wp","href":"https:\/\/api.w.org\/{rel}","templated":true}]}}