{"id":12,"date":"2014-11-06T17:53:58","date_gmt":"2014-11-06T17:53:58","guid":{"rendered":"http:\/\/feuerwehr-ehrenbreitstein.de\/?page_id=12"},"modified":"2021-03-06T07:30:16","modified_gmt":"2021-03-06T07:30:16","slug":"aufgaben","status":"publish","type":"page","link":"http:\/\/feuerwehr-ehrenbreitstein.de\/?page_id=12","title":{"rendered":"Aufgaben"},"content":{"rendered":"<p>Neben der Berufsfeuerwehr existieren in Koblenz 10 Freiwillige Feuerwehr Einheiten und eine Facheinheit f\u00fcr Informations- und Kommunikationstechnik (IuK).<\/p>\n<p>Eine davon sind wir, die Einheit 23, Ehrenbreitstein.<\/p>\n<p>Die Einheiten der Freiwilligen Feuerwehr sind in Koblenz ein unverzichtbarer Bestandteil einer zeitgem\u00e4\u00dfen Gefahrenabwehr. Sie unterst\u00fctzen die Berufsfeuerwehr bei deren Aufgaben. In diesem Rahmen werden die Freiwilligen Feuerwehren vor allem zur Bek\u00e4mpfung von Schadensfeuern und f\u00fcr Aufgaben in der Technischen Hilfeleistung sowie im Hochwassereinsatz und im Gefahrstoffbereich eingesetzt.<\/p>\n<p>Die Freiwilligen Feuerwehren in Koblenz stellen unter anderem den zweiten L\u00f6schzug und werden Rund um die Uhr von der Integrierten Leitstelle Koblenz alarmiert.<\/p>\n<p>Des Weiteren besteht alle 6 Wochen eine 7-Tage-Bereitschaft zur Nachbesetzung der BF-Wache bei gr\u00f6\u00dferen Eins\u00e4tzen.<\/p>\n<p><a href=\"http:\/\/feuerwehr-ehrenbreitstein.de\/wp-content\/uploads\/2014\/11\/retten_loeschen_bergen.jpg\"><img loading=\"lazy\" class=\"aligncenter size-full wp-image-109\" src=\"http:\/\/feuerwehr-ehrenbreitstein.de\/wp-content\/uploads\/2014\/11\/retten_loeschen_bergen.jpg\" alt=\"retten_loeschen_bergen\" width=\"245\" height=\"250\" \/><\/a><\/p>\n<p>Neben der Brandbek\u00e4mpfung und einfachen technischen Hilfeleistung geh\u00f6rt die Brandsicherheitswache bei Gro\u00dfveranstaltungen wie \u201cRhein in Flammen\u201d zu unseren Aufgaben. Des Weiteren sind einige unserer Mitglieder ebenfalls Mitglied der Facheinheit IuK. Diese besetzen bei entsprechenden Lagen den Einsatzleitwagen 2 (ELW 2) oder unterst\u00fctzen die Technische Einsatzleitung (TEL) und stellen die Kommunikation sicher oder arbeiten dem Einsatzleiter \/ der TEL zu.<\/p>\n","protected":false},"excerpt":{"rendered":"<p>Neben der Berufsfeuerwehr existieren in Koblenz 10 Freiwillige Feuerwehr Einheiten und eine Facheinheit f\u00fcr Informations- und Kommunikationstechnik (IuK). Eine davon sind wir, die Einheit 23, Ehrenbreitstein. Die Einheiten der Freiwilligen Feuerwehr sind in Koblenz ein unverzichtbarer Bestandteil einer zeitgem\u00e4\u00dfen Gefahrenabwehr. Sie unterst\u00fctzen die Berufsfeuerwehr bei deren Aufgaben. In diesem Rahmen werden die Freiwilligen Feuerwehren vor [&hellip;]<\/p>\n","protected":false},"author":1,"featured_media":0,"parent":8,"menu_order":0,"comment_status":"closed","ping_status":"closed","template":"","meta":{"spay_email":""},"jetpack_sharing_enabled":true,"jetpack_shortlink":"https:\/\/wp.me\/P5j8kt-c","jetpack_likes_enabled":true,"_links":{"self":[{"href":"http:\/\/feuerwehr-ehrenbreitstein.de\/index.php?rest_route=\/wp\/v2\/pages\/12"}],"collection":[{"href":"http:\/\/feuerwehr-ehrenbreitstein.de\/index.php?rest_route=\/wp\/v2\/pages"}],"about":[{"href":"http:\/\/feuerwehr-ehrenbreitstein.de\/index.php?rest_route=\/wp\/v2\/types\/page"}],"author":[{"embeddable":true,"href":"http:\/\/feuerwehr-ehrenbreitstein.de\/index.php?rest_route=\/wp\/v2\/users\/1"}],"replies":[{"embeddable":true,"href":"http:\/\/feuerwehr-ehrenbreitstein.de\/index.php?rest_route=%2Fwp%2Fv2%2Fcomments&post=12"}],"version-history":[{"count":13,"href":"http:\/\/feuerwehr-ehrenbreitstein.de\/index.php?rest_route=\/wp\/v2\/pages\/12\/revisions"}],"predecessor-version":[{"id":753,"href":"http:\/\/feuerwehr-ehrenbreitstein.de\/index.php?rest_route=\/wp\/v2\/pages\/12\/revisions\/753"}],"up":[{"embeddable":true,"href":"http:\/\/feuerwehr-ehrenbreitstein.de\/index.php?rest_route=\/wp\/v2\/pages\/8"}],"wp:attachment":[{"href":"http:\/\/feuerwehr-ehrenbreitstein.de\/index.php?rest_route=%2Fwp%2Fv2%2Fmedia&parent=12"}],"curies":[{"name":"wp","href":"https:\/\/api.w.org\/{rel}","templated":true}]}}